{"id":852,"date":"2025-02-08T07:54:01","date_gmt":"2025-02-08T07:54:01","guid":{"rendered":"https:\/\/newrotic.de\/?page_id=852"},"modified":"2025-02-14T19:08:04","modified_gmt":"2025-02-14T19:08:04","slug":"innerer-evangelischer-kirchentag","status":"publish","type":"page","link":"https:\/\/newrotic.de\/?page_id=852","title":{"rendered":"Innerer Evangelischer Kirchentag"},"content":{"rendered":"\n<figure class=\"wp-block-image size-large\"><img loading=\"lazy\" decoding=\"async\" width=\"1024\" height=\"351\" src=\"https:\/\/newrotic.de\/wp-content\/uploads\/2025\/02\/Selbstanzeige-wg.-Ketzerei-1024x351.jpg\" alt=\"\" class=\"wp-image-861\" srcset=\"https:\/\/newrotic.de\/wp-content\/uploads\/2025\/02\/Selbstanzeige-wg.-Ketzerei-1024x351.jpg 1024w, https:\/\/newrotic.de\/wp-content\/uploads\/2025\/02\/Selbstanzeige-wg.-Ketzerei-300x103.jpg 300w, https:\/\/newrotic.de\/wp-content\/uploads\/2025\/02\/Selbstanzeige-wg.-Ketzerei-768x263.jpg 768w, https:\/\/newrotic.de\/wp-content\/uploads\/2025\/02\/Selbstanzeige-wg.-Ketzerei.jpg 1332w\" sizes=\"auto, (max-width: 1024px) 100vw, 1024px\" \/><\/figure>\n\n\n\n<div class=\"wp-block-file\"><a id=\"wp-block-file--media-04ee8cae-66d0-4c2c-8c71-c15cb2f08caa\" href=\"https:\/\/newrotic.de\/wp-content\/uploads\/2025\/02\/Das-Beduerfnis-nach-Synchronizitaet-in-einer-Gegenwart-der-groesstmoeglichen-Individualitaet.pdf\">Das Bed\u00fcrfnis nach Synchronizit\u00e4t in einer Gegenwart der gr\u00f6\u00dftm\u00f6glichen Individualit\u00e4t<\/a><a href=\"https:\/\/newrotic.de\/wp-content\/uploads\/2025\/02\/Das-Beduerfnis-nach-Synchronizitaet-in-einer-Gegenwart-der-groesstmoeglichen-Individualitaet.pdf\" class=\"wp-block-file__button wp-element-button\" download aria-describedby=\"wp-block-file--media-04ee8cae-66d0-4c2c-8c71-c15cb2f08caa\">Herunterladen<\/a><\/div>\n\n\n\n<div class=\"wp-block-file\"><a id=\"wp-block-file--media-d177f847-fb97-4980-bdb2-d5693f905baf\" href=\"https:\/\/newrotic.de\/wp-content\/uploads\/2025\/02\/Antwort-zu-Ecclesia-Decora-et-Fisca-Volltheologe-Haupt-scaled-1.jpg\">Antwort-zu-Ecclesia-Decora-et-Fisca-Volltheologe-Haupt-scaled<\/a><a href=\"https:\/\/newrotic.de\/wp-content\/uploads\/2025\/02\/Antwort-zu-Ecclesia-Decora-et-Fisca-Volltheologe-Haupt-scaled-1.jpg\" class=\"wp-block-file__button wp-element-button\" download aria-describedby=\"wp-block-file--media-d177f847-fb97-4980-bdb2-d5693f905baf\">Herunterladen<\/a><\/div>\n\n\n\n<div class=\"wp-block-file\"><a id=\"wp-block-file--media-55416b4a-e263-4586-82e8-546925ce510c\" href=\"https:\/\/newrotic.de\/wp-content\/uploads\/2025\/02\/Ecclesia-decora-et-fisca-inkl.-Anmerkungen-07.07.2022.pdf\">Ecclesia-decora-et-fisca-inkl.-Anmerkungen-07.07.2022<\/a><a href=\"https:\/\/newrotic.de\/wp-content\/uploads\/2025\/02\/Ecclesia-decora-et-fisca-inkl.-Anmerkungen-07.07.2022.pdf\" class=\"wp-block-file__button wp-element-button\" download aria-describedby=\"wp-block-file--media-55416b4a-e263-4586-82e8-546925ce510c\">Herunterladen<\/a><\/div>\n\n\n\n<div class=\"wp-block-file\"><a id=\"wp-block-file--media-532791bd-cc75-4085-b3ea-6d289b9ca493\" href=\"https:\/\/newrotic.de\/wp-content\/uploads\/2025\/02\/Zum-Schoepfungsbericht-Genesis-Predigttext-Jubilate.pdf\">Zum-Schoepfungsbericht-Genesis-Predigttext-Jubilate<\/a><a href=\"https:\/\/newrotic.de\/wp-content\/uploads\/2025\/02\/Zum-Schoepfungsbericht-Genesis-Predigttext-Jubilate.pdf\" class=\"wp-block-file__button wp-element-button\" download aria-describedby=\"wp-block-file--media-532791bd-cc75-4085-b3ea-6d289b9ca493\">Herunterladen<\/a><\/div>\n\n\n\n<div class=\"wp-block-file\"><a id=\"wp-block-file--media-2a9b57f3-72af-4cee-9698-2bb5138bf3f4\" href=\"https:\/\/newrotic.de\/wp-content\/uploads\/2025\/02\/Abraham-und-die-Opferung-Isaacs.pdf\">Abraham-und-die-Opferung-Isaacs<\/a><a href=\"https:\/\/newrotic.de\/wp-content\/uploads\/2025\/02\/Abraham-und-die-Opferung-Isaacs.pdf\" class=\"wp-block-file__button wp-element-button\" download aria-describedby=\"wp-block-file--media-2a9b57f3-72af-4cee-9698-2bb5138bf3f4\">Herunterladen<\/a><\/div>\n\n\n\n<div class=\"wp-block-file\"><a id=\"wp-block-file--media-101b77b7-c5e2-4b4e-a998-fd8e5a0e11b2\" href=\"https:\/\/newrotic.de\/wp-content\/uploads\/2025\/02\/Tempel-des-Saturn.pdf\">Tempel des Saturn<\/a><a href=\"https:\/\/newrotic.de\/wp-content\/uploads\/2025\/02\/Tempel-des-Saturn.pdf\" class=\"wp-block-file__button wp-element-button\" download aria-describedby=\"wp-block-file--media-101b77b7-c5e2-4b4e-a998-fd8e5a0e11b2\">Herunterladen<\/a><\/div>\n\n\n\n<figure class=\"wp-block-image size-large\"><img loading=\"lazy\" decoding=\"async\" width=\"1024\" height=\"1024\" src=\"https:\/\/newrotic.de\/wp-content\/uploads\/2025\/02\/Russische-Druckerlaubnis-1024x1024.jpg\" alt=\"\" class=\"wp-image-886\" srcset=\"https:\/\/newrotic.de\/wp-content\/uploads\/2025\/02\/Russische-Druckerlaubnis-1024x1024.jpg 1024w, https:\/\/newrotic.de\/wp-content\/uploads\/2025\/02\/Russische-Druckerlaubnis-300x300.jpg 300w, https:\/\/newrotic.de\/wp-content\/uploads\/2025\/02\/Russische-Druckerlaubnis-150x150.jpg 150w, https:\/\/newrotic.de\/wp-content\/uploads\/2025\/02\/Russische-Druckerlaubnis-768x768.jpg 768w, https:\/\/newrotic.de\/wp-content\/uploads\/2025\/02\/Russische-Druckerlaubnis-1536x1536.jpg 1536w, https:\/\/newrotic.de\/wp-content\/uploads\/2025\/02\/Russische-Druckerlaubnis-2048x2048.jpg 2048w, https:\/\/newrotic.de\/wp-content\/uploads\/2025\/02\/Russische-Druckerlaubnis-50x50.jpg 50w\" sizes=\"auto, (max-width: 1024px) 100vw, 1024px\" \/><\/figure>\n","protected":false},"excerpt":{"rendered":"","protected":false},"author":1,"featured_media":0,"parent":0,"menu_order":0,"comment_status":"closed","ping_status":"closed","template":"","meta":{"footnotes":""},"class_list":["post-852","page","type-page","status-publish","hentry"],"_links":{"self":[{"href":"https:\/\/newrotic.de\/index.php?rest_route=\/wp\/v2\/pages\/852","targetHints":{"allow":["GET"]}}],"collection":[{"href":"https:\/\/newrotic.de\/index.php?rest_route=\/wp\/v2\/pages"}],"about":[{"href":"https:\/\/newrotic.de\/index.php?rest_route=\/wp\/v2\/types\/page"}],"author":[{"embeddable":true,"href":"https:\/\/newrotic.de\/index.php?rest_route=\/wp\/v2\/users\/1"}],"replies":[{"embeddable":true,"href":"https:\/\/newrotic.de\/index.php?rest_route=%2Fwp%2Fv2%2Fcomments&post=852"}],"version-history":[{"count":3,"href":"https:\/\/newrotic.de\/index.php?rest_route=\/wp\/v2\/pages\/852\/revisions"}],"predecessor-version":[{"id":888,"href":"https:\/\/newrotic.de\/index.php?rest_route=\/wp\/v2\/pages\/852\/revisions\/888"}],"wp:attachment":[{"href":"https:\/\/newrotic.de\/index.php?rest_route=%2Fwp%2Fv2%2Fmedia&parent=852"}],"curies":[{"name":"wp","href":"https:\/\/api.w.org\/{rel}","templated":true}]}}